{"id":6,"date":"2019-11-26T12:23:06","date_gmt":"2019-11-26T12:23:06","guid":{"rendered":"https:\/\/demosites.io\/blogger-gb\/?page_id=6"},"modified":"2023-01-03T12:40:12","modified_gmt":"2023-01-03T12:40:12","slug":"582c1-blogger-gb-about","status":"publish","type":"page","link":"https:\/\/www.viola-spd.de\/?page_id=6","title":{"rendered":"meine Positionen"},"content":{"rendered":"\n<h2 class=\"has-text-align-center wp-block-heading\">Familien d\u00fcrfen nicht alleine gelassen werden <\/h2>\n\n\n<p style=\"text-align: center;\">Die Zeit in der Pandemie war hart und verlangte Familien viel ab. Pl\u00f6tzlich war man auf die Kernfamilie zur\u00fcckgeworfen. In Berlin haben Familien sonst die Freiheit, Betreuung au\u00dferhalb der eigenen 4 W\u00e4nde zu erhalten und ein gro\u00dfes Freizeitangebot zu genie\u00dfen. Zudem gibt es h\u00e4ufig eine lebendige Nachbarschaft, wo die Kinder hin- und her flitzen. Die Pandemie setzte diesen Selbstverst\u00e4ndlichkeiten abrupt ein Ende. Bitter war auch, dass Gro\u00dfeltern und Enkel sich voneinander fernhielten, um keinen geliebten Menschen zu gef\u00e4hrden. Je l\u00e4nger die Pandemie andauert, umso mehr tritt zutage, dass Familien nicht ohne Schaden aus der Krise gehen.<\/p>\n\n\n<div class=\"wp-block-columns is-layout-flex wp-container-core-columns-is-layout-9d6595d7 wp-block-columns-is-layout-flex\">\n<div class=\"wp-block-column is-layout-flow wp-block-column-is-layout-flow\" style=\"flex-basis:33.33%\">\n<figure class=\"wp-block-image size-full is-resized\"><img loading=\"lazy\" decoding=\"async\" src=\"https:\/\/www.viola-spd.de\/wp-content\/uploads\/2023\/01\/SPDHerz2.png\" alt=\"\" class=\"wp-image-147\" width=\"282\" height=\"282\" srcset=\"https:\/\/www.viola-spd.de\/wp-content\/uploads\/2023\/01\/SPDHerz2.png 959w, https:\/\/www.viola-spd.de\/wp-content\/uploads\/2023\/01\/SPDHerz2-300x300.png 300w, https:\/\/www.viola-spd.de\/wp-content\/uploads\/2023\/01\/SPDHerz2-150x150.png 150w, https:\/\/www.viola-spd.de\/wp-content\/uploads\/2023\/01\/SPDHerz2-768x768.png 768w\" sizes=\"auto, (max-width: 282px) 100vw, 282px\" \/><\/figure>\n<\/div>\n\n\n\n<div class=\"wp-block-column is-layout-flow wp-block-column-is-layout-flow\" style=\"flex-basis:66.66%\">\n<p style=\"text-align: center;\">Was ist zu tun, damit Familien in Friedrichshain-Kreuzberg in Zukunft bessere Bedingungen vorfinden? Wir m\u00fcssen Familienpolitik als Querschnittsaufgabe begreifen. Viele Aspekte tragen dazu bei, dass Familien sich in Berlin wohl f\u00fchlen: Erschwinglicher Wohnraum ist das A und O. Gute Bildungsangebote d\u00fcrfen nicht vom Geldbeutel der Eltern abh\u00e4ngig sein \u2013 deshalb halten wir als SPD das Prinzip der geb\u00fchrenfreien Bildung von der Kita bis zur Uni hoch. F\u00fcr die SPD ist selbstverst\u00e4ndlich, dass Familie da ist, wo Kinder sind und Erwachsene sie mit Liebe und F\u00fcrsorge beim Aufwachsen begleiten. Platz f\u00fcr Kinder m\u00fcssen wir st\u00e4rker in den Blick nehmen \u2013 Freizeiteinrichtungen f\u00fcr Kinder und Jugendliche wie Spielpl\u00e4tze und Jugendclubs m\u00fcssen ausgebaut und kontinuierlich gepflegt werden. Eine gute gesundheitliche Versorgung ist ausschlaggebend: F\u00fcr werdende M\u00fctter ist der Mangel an Hebammen ein gro\u00dfes Problem; die Zahl der Kinder\u00e4rzte in Friedrichshain-Kreuzberg deckt nicht den Bedarf. Und deshalb m\u00fcssen Bed\u00fcrfnisse von Familien bei der Krisenbew\u00e4ltigung einen gr\u00f6\u00dferen Stellenwert einnehmen.<\/p>\n<\/div>\n<\/div>\n\n\n\n<div id=\"wp-block-themeisle-blocks-advanced-columns-c3397b6c\" class=\"wp-block-themeisle-blocks-advanced-columns alignfull has-1-columns has-desktop-equal-layout has-tablet-equal-layout has-mobile-equal-layout has-vertical-unset\"><div class=\"wp-block-themeisle-blocks-advanced-columns-overlay\"><\/div><div class=\"innerblocks-wrap\">\n<div id=\"wp-block-themeisle-blocks-advanced-column-f1a738cd\" class=\"wp-block-themeisle-blocks-advanced-column\">\n<h2 class=\"has-text-align-center ticss-323b0dc0 wp-block-heading\">Sicherheit f\u00fcr alle ist die Voraussetzung einer freien und gleichen Gesellschaft<\/h2>\n\n\n\n<p style=\"text-align: center;\">\u00d6ffentliche Sicherheit zu gew\u00e4hrleisten ist eine zentrale Aufgabe des Staates. F\u00fcr uns Sozialdemokratinnen und Sozialdemokraten ist klar, dass nur ein handlungsf\u00e4higer, starker Sozialstaat ein freies Leben in Sicherheit garantieren kann. Denn echte individuelle Freiheit existiert nur dort, wo Menschen sicher sind. Freiheit und Solidarit\u00e4t sind eng miteinander verkn\u00fcpft. Aus sozialdemokratischer Sicht ist klar: Daf\u00fcr braucht es den solidarischen Staat, der Regeln setzt, Ordnung schafft und Sicherheit stiftet \u2013 in allen Bereichen des Lebens.<br \/>\u00d6ffentliche und soziale Sicherheit h\u00e4ngen eng zusammen. Je gr\u00f6\u00dfer die Ungleichheit zwischen den Menschen, desto gr\u00f6\u00dfer das Konfliktpotenzial der Gesellschaft. <br \/>Verbessern wir die soziale Lage, gehen auch Konflikte und Kriminalit\u00e4t zur\u00fcck. F\u00fcr uns ist klar \u2013 innere Sicherheit h\u00e4ngt ganz stark mit sozialer Sicherheit zusammen. Wir m\u00fcssen als Gesellschaft bereits vor dem Entstehen von Kriminalit\u00e4t ansetzen und fragen: \u201eWas brauchen Menschen, um in Frieden und Freiheit zu leben und wie kann der Staat das erm\u00f6glichen?\u201c<br \/>Eine ausgewogene Stadtentwicklung ist die Voraussetzung f\u00fcr die Vermeidung sozialer Brennpunkte. <br \/>Wohnungsbaufo\u0308rderung, Ma\u00dfnahmen zur Verbesserung des Wohnumfelds und quartiersbezogene Sozialarbeit \u2013 hier lohnt es sich sehr zu investieren.<br \/>Nur Reiche k\u00f6nnen sich einen schwachen Staat leisten. Doch auch sie werden in einer ungleichen und ungerechten Gesellschaft mit ihren vielen Konflikten nicht gl\u00fccklich werden. Von konservativer Seite wird in Fragen der \u00f6ffentlichen Sicherheit zuallererst etwas vom B\u00fcrger gefordert. Aber es gibt auch eine Bringschuld der \u00f6ffentlichen Seite, diese Sicherheit tats\u00e4chlich zu liefern. Denn erst wenn der \u00f6ffentliche Raum sicher ist, kann jeder Einzelne seine Freiheit wirklich ausleben.<\/p>\n<\/div>\n<\/div><\/div>\n\n\n\n<div class=\"wp-block-columns is-layout-flex wp-container-core-columns-is-layout-9d6595d7 wp-block-columns-is-layout-flex\">\n<div class=\"wp-block-column is-layout-flow wp-block-column-is-layout-flow\" style=\"flex-basis:66.66%\">\n<h2 class=\"has-text-align-center wp-block-heading\">Verfassungsreform jetzt!<\/h2>\n\n\n\n<h3 class=\"has-text-align-center wp-block-heading\">Schluss mit dem Zust\u00e4ndigkeitswirrwarr in Berlin<\/h3>\n<\/div>\n\n\n\n<div class=\"wp-block-column is-layout-flow wp-block-column-is-layout-flow\" style=\"flex-basis:33.33%\">\n<figure class=\"wp-block-image size-full\"><img loading=\"lazy\" decoding=\"async\" width=\"959\" height=\"959\" src=\"https:\/\/www.viola-spd.de\/wp-content\/uploads\/2023\/01\/Rathaus2.png\" alt=\"\" class=\"wp-image-155\" srcset=\"https:\/\/www.viola-spd.de\/wp-content\/uploads\/2023\/01\/Rathaus2.png 959w, https:\/\/www.viola-spd.de\/wp-content\/uploads\/2023\/01\/Rathaus2-300x300.png 300w, https:\/\/www.viola-spd.de\/wp-content\/uploads\/2023\/01\/Rathaus2-150x150.png 150w, https:\/\/www.viola-spd.de\/wp-content\/uploads\/2023\/01\/Rathaus2-768x768.png 768w\" sizes=\"auto, (max-width: 959px) 100vw, 959px\" \/><\/figure>\n<\/div>\n<\/div>\n\n\n<p style=\"text-align: center;\">Ich will klare Verh\u00e4ltnisse!<\/p>\n<p style=\"text-align: center;\">Die kollektive Verantwortungslosigkeit in Berlin muss ein Ende finden. Es muss f\u00fcr jeden Berliner*innen auf einen Blick klar sein, wer f\u00fcr welche Themen zust\u00e4ndig ist. Nicht langwierige Erkl\u00e4rungen und Auslegungen sollen dem B\u00fcrger und der B\u00fcrgerin zuerst begegnen, wenn Interessierte fragen, wer zust\u00e4ndig ist. Seit Jahren gibt es in unserer sch\u00f6nen Stadt Diskussionen um Verwaltungsreformen. Aber eigentlich geht es nicht mehr nur um die Verwaltung. Hier wurde in den vergangenen Jahren schon eine Menge modernisiert. Das essentielle Verwaltungsdienstleistungen der Bezirke den Berliner*innen nicht zeitnah zur Verf\u00fcgung stehen, ist dem Spardiktat der 2000er geschuldet und dem damit immer noch einhergehenden Personalmangel \u2013 und Corona hat sein \u00dcbriges getan \u2013 und weniger dem Reformunwillen der Besch\u00e4ftigten. Was wir brauchen ist eine Verfassungsreform \u2013 und daf\u00fcr m\u00fcssen sich alle bewegen: der Senat, aber auch die Bezirke. Oberstes Ziel: Vereinfachung und Transparenz: Welche Ebene und welcher politische Akteur ist f\u00fcr welches Thema verantwortlich? Hierf\u00fcr muss die regierende B\u00fcrgermeisterin echte Verwaltungschefin von Berlin werden \u2013 daf\u00fcr muss im Roten Rathaus ein Hauptamt, Personalamt und ggf. Rechnungspr\u00fcfungsamt angedockt werden. Und zugleich sollten die Bezirksb\u00fcrgermeister*innen mehr Verantwortung tragen und weisungsbefugt gegen\u00fcber den anderen Bezirksamtsmitgliedern sein. Unsere Bezirke haben z.T. die Anwohnerzahlen von Gro\u00dfst\u00e4dten. Im Vergleich mit anderen Bundesl\u00e4ndern ist dieser Verantwortungsbereich unangemessen. F\u00fcr die kommunalen Belange der Berlin*innen brauchen wir politische Verantwortung vor Ort.<\/p>\n\n\n<div id=\"wp-block-themeisle-blocks-advanced-columns-c0dddeb4\" class=\"wp-block-themeisle-blocks-advanced-columns alignfull has-3-columns has-desktop-equal-layout has-tablet-equal-layout has-mobile-equal-layout has-vertical-center ticss-e5dae148\"><div class=\"wp-block-themeisle-blocks-advanced-columns-overlay\"><\/div><div class=\"innerblocks-wrap\">\n<div id=\"wp-block-themeisle-blocks-advanced-column-05a9c2d9\" class=\"wp-block-themeisle-blocks-advanced-column ticss-1c8994ea\">\n<figure class=\"wp-block-image size-large\"><img loading=\"lazy\" decoding=\"async\" width=\"768\" height=\"1024\" src=\"https:\/\/www.viola-spd.de\/wp-content\/uploads\/2023\/01\/Barnimkeiz1-768x1024.jpg\" alt=\"\" class=\"wp-image-143\" srcset=\"https:\/\/www.viola-spd.de\/wp-content\/uploads\/2023\/01\/Barnimkeiz1-768x1024.jpg 768w, https:\/\/www.viola-spd.de\/wp-content\/uploads\/2023\/01\/Barnimkeiz1-225x300.jpg 225w, https:\/\/www.viola-spd.de\/wp-content\/uploads\/2023\/01\/Barnimkeiz1-1152x1536.jpg 1152w, https:\/\/www.viola-spd.de\/wp-content\/uploads\/2023\/01\/Barnimkeiz1.jpg 1200w\" sizes=\"auto, (max-width: 768px) 100vw, 768px\" \/><figcaption class=\"wp-element-caption\">Gespr\u00e4ch im Barnimkiez<\/figcaption><\/figure>\n<\/div>\n\n\n\n<div id=\"wp-block-themeisle-blocks-advanced-column-44e0e60e\" class=\"wp-block-themeisle-blocks-advanced-column\">\n<figure class=\"wp-block-image size-large is-resized\"><img decoding=\"async\" src=\"https:\/\/www.viola-spd.de\/wp-content\/uploads\/2023\/01\/ralphpache_210324_20254-edited.jpg\" alt=\"\" class=\"wp-image-148\" width=\"293\" srcset=\"https:\/\/www.viola-spd.de\/wp-content\/uploads\/2023\/01\/ralphpache_210324_20254-edited.jpg 947w, https:\/\/www.viola-spd.de\/wp-content\/uploads\/2023\/01\/ralphpache_210324_20254-edited-200x300.jpg 200w, https:\/\/www.viola-spd.de\/wp-content\/uploads\/2023\/01\/ralphpache_210324_20254-edited-682x1024.jpg 682w, https:\/\/www.viola-spd.de\/wp-content\/uploads\/2023\/01\/ralphpache_210324_20254-edited-768x1153.jpg 768w\" sizes=\"(max-width: 947px) 100vw, 947px\" \/><\/figure>\n<\/div>\n\n\n\n<div id=\"wp-block-themeisle-blocks-advanced-column-95e2559b\" class=\"wp-block-themeisle-blocks-advanced-column\">\n<figure class=\"wp-block-image size-large\"><img loading=\"lazy\" decoding=\"async\" width=\"768\" height=\"1024\" src=\"https:\/\/www.viola-spd.de\/wp-content\/uploads\/2023\/01\/Feuerwache3-768x1024.jpg\" alt=\"\" class=\"wp-image-144\" srcset=\"https:\/\/www.viola-spd.de\/wp-content\/uploads\/2023\/01\/Feuerwache3-768x1024.jpg 768w, https:\/\/www.viola-spd.de\/wp-content\/uploads\/2023\/01\/Feuerwache3-225x300.jpg 225w, https:\/\/www.viola-spd.de\/wp-content\/uploads\/2023\/01\/Feuerwache3-1152x1536.jpg 1152w, https:\/\/www.viola-spd.de\/wp-content\/uploads\/2023\/01\/Feuerwache3.jpg 1200w\" sizes=\"auto, (max-width: 768px) 100vw, 768px\" \/><figcaption class=\"wp-element-caption\">Besuch der Feuerwehrwache Friedrichshain<\/figcaption><\/figure>\n<\/div>\n<\/div><\/div>\n\n\n\n<div class=\"wp-block-columns is-layout-flex wp-container-core-columns-is-layout-9d6595d7 wp-block-columns-is-layout-flex\">\n<div class=\"wp-block-column is-layout-flow wp-block-column-is-layout-flow\" style=\"flex-basis:100%\"><\/div>\n<\/div>\n","protected":false},"excerpt":{"rendered":"<p>Familien d\u00fcrfen nicht alleine gelassen werden Die Zeit in der Pandemie war hart und verlangte Familien viel ab. Pl\u00f6tzlich war man auf die Kernfamilie zur\u00fcckgeworfen. In Berlin haben Familien sonst die Freiheit, Betreuung au\u00dferhalb der eigenen 4 W\u00e4nde zu erhalten und ein gro\u00dfes Freizeitangebot zu genie\u00dfen. Zudem gibt es h\u00e4ufig eine lebendige Nachbarschaft, wo die&hellip;&nbsp;<a href=\"https:\/\/www.viola-spd.de\/?page_id=6\" class=\"\" rel=\"bookmark\">Weiterlesen &raquo;<span class=\"screen-reader-text\">meine Positionen<\/span><\/a><\/p>\n","protected":false},"author":1,"featured_media":0,"parent":0,"menu_order":0,"comment_status":"closed","ping_status":"closed","template":"","meta":{"neve_meta_sidebar":"full-width","neve_meta_container":"","neve_meta_enable_content_width":"on","neve_meta_content_width":100,"neve_meta_title_alignment":"","neve_meta_author_avatar":"","neve_post_elements_order":"","neve_meta_disable_header":"","neve_meta_disable_footer":"","neve_meta_disable_title":"on","_themeisle_gutenberg_block_has_review":false,"_ti_tpc_template_sync":false,"_ti_tpc_template_id":"lk14g9s4to6urekitery","footnotes":""},"class_list":["post-6","page","type-page","status-publish","hentry"],"_links":{"self":[{"href":"https:\/\/www.viola-spd.de\/index.php?rest_route=\/wp\/v2\/pages\/6","targetHints":{"allow":["GET"]}}],"collection":[{"href":"https:\/\/www.viola-spd.de\/index.php?rest_route=\/wp\/v2\/pages"}],"about":[{"href":"https:\/\/www.viola-spd.de\/index.php?rest_route=\/wp\/v2\/types\/page"}],"author":[{"embeddable":true,"href":"https:\/\/www.viola-spd.de\/index.php?rest_route=\/wp\/v2\/users\/1"}],"replies":[{"embeddable":true,"href":"https:\/\/www.viola-spd.de\/index.php?rest_route=%2Fwp%2Fv2%2Fcomments&post=6"}],"version-history":[{"count":4,"href":"https:\/\/www.viola-spd.de\/index.php?rest_route=\/wp\/v2\/pages\/6\/revisions"}],"predecessor-version":[{"id":156,"href":"https:\/\/www.viola-spd.de\/index.php?rest_route=\/wp\/v2\/pages\/6\/revisions\/156"}],"wp:attachment":[{"href":"https:\/\/www.viola-spd.de\/index.php?rest_route=%2Fwp%2Fv2%2Fmedia&parent=6"}],"curies":[{"name":"wp","href":"https:\/\/api.w.org\/{rel}","templated":true}]}}