{"id":5,"date":"2019-11-26T12:22:54","date_gmt":"2019-11-26T12:22:54","guid":{"rendered":"https:\/\/demosites.io\/blogger-gb\/?page_id=5"},"modified":"2023-02-02T13:33:12","modified_gmt":"2023-02-02T13:33:12","slug":"582c1-blogger-gb-home","status":"publish","type":"page","link":"https:\/\/www.viola-spd.de\/","title":{"rendered":"Home"},"content":{"rendered":"\n<div id=\"wp-block-themeisle-blocks-advanced-columns-e5e06ebd\" class=\"wp-block-themeisle-blocks-advanced-columns has-2-columns has-desktop-equal-layout has-tablet-equal-layout hide-in-mobile has-vertical-unset ticss-b1d13e93\"><div class=\"wp-block-themeisle-blocks-advanced-columns-overlay\"><\/div><div class=\"innerblocks-wrap\">\n<div id=\"wp-block-themeisle-blocks-advanced-column-faefdc1c\" class=\"wp-block-themeisle-blocks-advanced-column ticss-262bb66b\"><\/div>\n\n\n\n<div id=\"wp-block-themeisle-blocks-advanced-column-101a17aa\" class=\"wp-block-themeisle-blocks-advanced-column\">\n<h1 class=\"has-text-align-center ticss-323b0dc0 has-nv-site-bg-color has-text-color wp-block-heading\">Dr. Viola<br>Mattathil-Reuther<\/h1>\n\n\n\n<h2 id=\"wp-block-themeisle-blocks-advanced-heading-cb8c227d\" class=\"wp-block-themeisle-blocks-advanced-heading wp-block-themeisle-blocks-advanced-heading-cb8c227d\"><strong>SPD Friedrichshain Kreuzberg<\/strong><\/h2>\n\n\n\n<p><\/p>\n<\/div>\n<\/div><\/div>\n\n\n\n<div id=\"wp-block-themeisle-blocks-advanced-columns-54dfbfdf\" class=\"wp-block-themeisle-blocks-advanced-columns has-1-columns has-mobile-equal-layout hide-in-desktop hide-in-tablet has-vertical-unset\"><div class=\"wp-block-themeisle-blocks-advanced-columns-overlay\"><\/div><div class=\"innerblocks-wrap\">\n<div id=\"wp-block-themeisle-blocks-advanced-column-07c8b0cd\" class=\"wp-block-themeisle-blocks-advanced-column\">\n<figure class=\"wp-block-image size-large is-resized\"><img loading=\"lazy\" decoding=\"async\" src=\"https:\/\/www.viola-spd.de\/wp-content\/uploads\/2022\/12\/viola-spd-1024x576.jpg\" alt=\"\" class=\"wp-image-120\" width=\"1131\" height=\"636\" srcset=\"https:\/\/www.viola-spd.de\/wp-content\/uploads\/2022\/12\/viola-spd-1024x576.jpg 1024w, https:\/\/www.viola-spd.de\/wp-content\/uploads\/2022\/12\/viola-spd-300x169.jpg 300w, https:\/\/www.viola-spd.de\/wp-content\/uploads\/2022\/12\/viola-spd-768x432.jpg 768w, https:\/\/www.viola-spd.de\/wp-content\/uploads\/2022\/12\/viola-spd-1536x864.jpg 1536w, https:\/\/www.viola-spd.de\/wp-content\/uploads\/2022\/12\/viola-spd.jpg 1920w\" sizes=\"auto, (max-width: 1131px) 100vw, 1131px\" \/><\/figure>\n<\/div>\n<\/div><\/div>\n\n\n\n<div id=\"wp-block-themeisle-blocks-advanced-columns-6a564611\" class=\"wp-block-themeisle-blocks-advanced-columns alignfull has-1-columns has-desktop-equal-layout has-tablet-equal-layout has-mobile-equal-layout has-vertical-unset\"><div class=\"wp-block-themeisle-blocks-advanced-columns-overlay\"><\/div><div class=\"innerblocks-wrap\">\n<div id=\"wp-block-themeisle-blocks-advanced-column-30e57c5d\" class=\"wp-block-themeisle-blocks-advanced-column\">\n<h3 class=\"has-text-align-center wp-block-heading\"><strong>F\u00fcr Friedrichshain West<\/strong><\/h3>\n\n\n\n<p class=\"has-text-align-center\">Der Stadtteil liegt mir sehr am Herzen \u2013 und um so mehr macht es mich gl\u00fccklich, in diesem Wahlkreis 4 f\u00fcr das Berliner Abgeordnetenhaus zu kandidieren. Ich will mich stark machen f\u00fcr diesen Kiez \u2013 f\u00fcr eine gerechte Gesellschaft, in der jeder seinen Platz findet, die Vielfalt bei uns erhalten und f\u00fcr Zusammenhalt und Verbundenheit sorgen.<\/p>\n\n\n\n<p><\/p>\n\n\n\n<div class=\"wp-block-columns is-layout-flex wp-container-core-columns-is-layout-9d6595d7 wp-block-columns-is-layout-flex\">\n<div class=\"wp-block-column is-layout-flow wp-block-column-is-layout-flow\"><div class=\"wp-block-image\">\n<figure class=\"aligncenter size-full is-resized\"><img loading=\"lazy\" decoding=\"async\" src=\"https:\/\/www.viola-spd.de\/wp-content\/uploads\/2023\/01\/Element-11.png\" alt=\"\" class=\"wp-image-137\" width=\"254\" height=\"254\" srcset=\"https:\/\/www.viola-spd.de\/wp-content\/uploads\/2023\/01\/Element-11.png 949w, https:\/\/www.viola-spd.de\/wp-content\/uploads\/2023\/01\/Element-11-300x300.png 300w, https:\/\/www.viola-spd.de\/wp-content\/uploads\/2023\/01\/Element-11-150x150.png 150w, https:\/\/www.viola-spd.de\/wp-content\/uploads\/2023\/01\/Element-11-768x768.png 768w\" sizes=\"auto, (max-width: 254px) 100vw, 254px\" \/><\/figure>\n<\/div><\/div>\n\n\n\n<div class=\"wp-block-column is-layout-flow wp-block-column-is-layout-flow\">\n<p><\/p>\n\n\n\n<p>Hier finden Sie Informationen zu mir und was mir wichtig. Klar ist, dass mit der Entscheidung des Verfassungsgerichtshofs Berlin die Wahl am 12. Februar 2023 zu wiederholen,  mir nur wenig Zeit bleibt mich vorzustellen. Bei der vergangenen Wahl habe ich knapp 21 % der Stimmen in Friedrichshain West errungen und bin nur wenige Prozentpunkte vom Direktmandat entfernt gewesen. Ich freue mich, wenn Sie mir erneut oder das erste Mal Ihr Vertrauen schenken und mir Ihre Stimme geben.<\/p>\n<\/div>\n<\/div>\n\n\n<div class=\"wp-block-image\">\n<figure class=\"aligncenter size-large\"><img loading=\"lazy\" decoding=\"async\" width=\"724\" height=\"1024\" src=\"https:\/\/www.viola-spd.de\/wp-content\/uploads\/2023\/02\/Viola-MiRo-Kulturschoepfer-724x1024.png\" alt=\"\" class=\"wp-image-216\" srcset=\"https:\/\/www.viola-spd.de\/wp-content\/uploads\/2023\/02\/Viola-MiRo-Kulturschoepfer-724x1024.png 724w, https:\/\/www.viola-spd.de\/wp-content\/uploads\/2023\/02\/Viola-MiRo-Kulturschoepfer-212x300.png 212w, https:\/\/www.viola-spd.de\/wp-content\/uploads\/2023\/02\/Viola-MiRo-Kulturschoepfer-768x1086.png 768w, https:\/\/www.viola-spd.de\/wp-content\/uploads\/2023\/02\/Viola-MiRo-Kulturschoepfer-1086x1536.png 1086w, https:\/\/www.viola-spd.de\/wp-content\/uploads\/2023\/02\/Viola-MiRo-Kulturschoepfer-1448x2048.png 1448w, https:\/\/www.viola-spd.de\/wp-content\/uploads\/2023\/02\/Viola-MiRo-Kulturschoepfer.png 1587w\" sizes=\"auto, (max-width: 724px) 100vw, 724px\" \/><figcaption class=\"wp-element-caption\">Einladung<\/figcaption><\/figure>\n<\/div>\n\n\n<p class=\"has-text-align-center\">Ein Jahr Zeitenwende &#8211; warum unsere Freiheit und Sicherheit auch in der Ukraine verteidigt wird. Hierzu habe ich MdB Michael Roth zu uns nach Friedrichshain geladen. Herr Roth ist zum einen \u00fcberzeugter Europ\u00e4er und Transatlantiker und der Vorsitzende des Ausw\u00e4rtigen Ausschuss im Deutschen Bundestag. In seiner Zeit als Staatsminister im Ausw\u00e4rtigen Amt in der letzten Legislatur hat sich Herr Roth insbesondere f\u00fcr gute Beziehungen zu den osteurop\u00e4ischen L\u00e4ndern eingesetzt. Diskutieren Sie mit Ihm und mir \u00fcber die Frage welche Hilfe wir als Deutschland der Ukraine zukommen lassen sollen und was der Angriffskrieg von Putin f\u00fcr uns In Berlin und Europa jetzt und f\u00fcr unsere Zukunft bedeutet.<\/p>\n\n\n\n<p class=\"has-text-align-center\">Ich lade alle Anwohner*innen und Interessierte zum Gespr\u00e4ch zu den Kultursch\u00f6pfern in der Gr\u00fcnberger Str. 13 am Dienstag, den 7. Februar, ab 18.30 Uhr. <br>Kommen Sie vorbei und lernen Sie auch den tollen Ort Kultursch\u00f6pfer bei uns im Kiez kennen. <\/p>\n\n\n\n<p><\/p>\n\n\n<div class=\"wp-block-image\">\n<figure class=\"aligncenter size-large\"><img loading=\"lazy\" decoding=\"async\" width=\"1024\" height=\"683\" src=\"https:\/\/www.viola-spd.de\/wp-content\/uploads\/2023\/02\/ralph-pache_230123_45-1024x683.jpg\" alt=\"\" class=\"wp-image-218\" srcset=\"https:\/\/www.viola-spd.de\/wp-content\/uploads\/2023\/02\/ralph-pache_230123_45-1024x683.jpg 1024w, https:\/\/www.viola-spd.de\/wp-content\/uploads\/2023\/02\/ralph-pache_230123_45-300x200.jpg 300w, https:\/\/www.viola-spd.de\/wp-content\/uploads\/2023\/02\/ralph-pache_230123_45-768x512.jpg 768w, https:\/\/www.viola-spd.de\/wp-content\/uploads\/2023\/02\/ralph-pache_230123_45-1536x1024.jpg 1536w, https:\/\/www.viola-spd.de\/wp-content\/uploads\/2023\/02\/ralph-pache_230123_45-2048x1365.jpg 2048w, https:\/\/www.viola-spd.de\/wp-content\/uploads\/2023\/02\/ralph-pache_230123_45-930x620.jpg 930w\" sizes=\"auto, (max-width: 1024px) 100vw, 1024px\" \/><figcaption class=\"wp-element-caption\">Christopher Elmerick, Ministerin Nancy Faeser, Viola Mattathil-Reuther (by Raph Pache)<\/figcaption><\/figure>\n<\/div>\n\n\n<p class=\"has-text-align-center\">Deine Stimme z\u00e4hlt &#8211; ein Satz der f\u00fcr viele in Friedrichshain nicht selbstverst\u00e4ndlich ist. Mein subjektives Gef\u00fchl, wenn die Wohnungst\u00fcren in unserem Kiez uns ge\u00f6ffnet werden, dass viele Bewohner*innen hier nicht w\u00e4hlen k\u00f6nnen, l\u00e4sst sich mit Zahlen und Fakten gut hinterlegen. 82.000 Menschen in Friedrichshain-Kreuzberg k\u00f6nnen nicht w\u00e4hlen &#8211; ihnen fehlt die deutsche Staatsb\u00fcrgerschaft. Weitere gut 50.000 Menschen haben einen sog. Migrationshintergrund. Das bedeutet, dass ca. 40 % der Bev\u00f6lkerung bei uns im Bezirk die Begriffe Aufenthaltstitel, Visumerteilung, Einb\u00fcrgerung, Niederlassungserlaubnis, Passvergabe, Ausreiseverpflichtung etc. sehr vertraut sind. <br>Die Bundesregierung unter F\u00fchrung der SPD hat sich vorgenommen, das Staatsangeh\u00f6rigkeitsrecht und die Zuwanderungsregeln zu vereinfachen. Innenministerin Nancy Faeser betonte bei den Kultursch\u00f6pfern den angestrebten Paradigmenwechsel, dass Deutschland ein modernes Einwanderungsland werden soll. F\u00fcr Fhain sind die neuen Regelungen besonders wichtig. Mit einer Vereinfachung der Einb\u00fcrgerung \u00f6ffnen sich die M\u00f6glichkeiten der politischen Mitbestimmung f\u00fcr alle Menschen bei uns im Kiez. Mit Nancy Faeser haben wir \u00fcber die Probleme der fehlenden Verwaltungsvollzuges gesprochen, die aktuell in Deutschland viele Prozesse im Bereich Einb\u00fcrgerung und Zuwanderung bremst. Hier\u00fcber konnte der Gastgeber und Gr\u00fcnder Christopher Elmerick von den Kultursch\u00f6pfer viele Geschichten erz\u00e4hlen. In einem kurzen Rundgang stellte er das Kiezprojekt vor &#8211; schaut dort doch mal vorbei.<\/p>\n\n\n\n<p><\/p>\n\n\n\n<p><\/p>\n\n\n<div class=\"wp-block-image\">\n<figure class=\"aligncenter size-large\"><img loading=\"lazy\" decoding=\"async\" width=\"1024\" height=\"576\" src=\"https:\/\/www.viola-spd.de\/wp-content\/uploads\/2023\/02\/Chefinnen-1-1024x576.png\" alt=\"\" class=\"wp-image-213\" srcset=\"https:\/\/www.viola-spd.de\/wp-content\/uploads\/2023\/02\/Chefinnen-1-1024x576.png 1024w, https:\/\/www.viola-spd.de\/wp-content\/uploads\/2023\/02\/Chefinnen-1-300x169.png 300w, https:\/\/www.viola-spd.de\/wp-content\/uploads\/2023\/02\/Chefinnen-1-768x432.png 768w, https:\/\/www.viola-spd.de\/wp-content\/uploads\/2023\/02\/Chefinnen-1-1536x864.png 1536w, https:\/\/www.viola-spd.de\/wp-content\/uploads\/2023\/02\/Chefinnen-1.png 1600w\" sizes=\"auto, (max-width: 1024px) 100vw, 1024px\" \/><figcaption class=\"wp-element-caption\">Einladung<\/figcaption><\/figure>\n<\/div>\n\n\n<p><\/p>\n\n\n\n<p class=\"has-text-align-center\">Ein modernes Staatsangeh\u00f6rigkeitsrecht, dass die Realit\u00e4t in Deutschland abbildet &#8211; das hat sich die neue Bundesregierung unter F\u00fchrung der SPD vorgenommen. Eine Einb\u00fcrgerung soll nach 5 Jahren, eine Niederlassungserlaubnis nach 3 Jahren m\u00f6glich sein. Kinder, die in Deutschland geboren sind, k\u00f6nnen einen deutschen Pass erhalten, wenn die Eltern schon 5 Jahre hier sind. <br>F\u00fcr die Friedrichshainer*innen, von denen viele aus allen Ecken der Welt stammen, ist das eine besonders wichtige Nachricht.<\/p>\n\n\n\n<p class=\"has-text-align-center\">Deshalb habe ich die Bundesministerin des Innern und f\u00fcr Heimat, Nancy Faeser nach Friedrichshain zu den Kultursch\u00f6pfern e.V.  eingeladen. Sie spricht mit uns \u00fcber die Pl\u00e4ne das Einwanderungsrecht zu vereinfachen und wie Fachkr\u00e4fte aus dem Ausland erleichtert nach Deutschland kommen k\u00f6nnen.<\/p>\n\n\n\n<p class=\"has-text-align-center\">Ich lade die Anwohner*innen zum Gespr\u00e4ch mit Ministerin Faeser<br>am Montag, den 23.1., ab 18.15 Uhr zu den Kultursch\u00f6pfer e.V. , Gr\u00fcnberger Str. 13.<\/p>\n\n\n\n<p class=\"has-text-align-center\">Leider ist nicht viel Platz, so dass ich um Anmeldung bitte: \u00fcber den QR-Code erhalten Sie den Anmeldelink.<\/p>\n\n\n<div class=\"wp-block-image\">\n<figure class=\"aligncenter size-large\"><img loading=\"lazy\" decoding=\"async\" width=\"1024\" height=\"683\" src=\"https:\/\/www.viola-spd.de\/wp-content\/uploads\/2023\/02\/DSC0720-1024x683.jpg\" alt=\"\" class=\"wp-image-212\" srcset=\"https:\/\/www.viola-spd.de\/wp-content\/uploads\/2023\/02\/DSC0720-1024x683.jpg 1024w, https:\/\/www.viola-spd.de\/wp-content\/uploads\/2023\/02\/DSC0720-300x200.jpg 300w, https:\/\/www.viola-spd.de\/wp-content\/uploads\/2023\/02\/DSC0720-768x512.jpg 768w, https:\/\/www.viola-spd.de\/wp-content\/uploads\/2023\/02\/DSC0720-1536x1024.jpg 1536w, https:\/\/www.viola-spd.de\/wp-content\/uploads\/2023\/02\/DSC0720-2048x1365.jpg 2048w, https:\/\/www.viola-spd.de\/wp-content\/uploads\/2023\/02\/DSC0720-930x620.jpg 930w\" sizes=\"auto, (max-width: 1024px) 100vw, 1024px\" \/><figcaption class=\"wp-element-caption\">Hubertus Heil im Cafe Sybille (by Ralph Pache)<\/figcaption><\/figure>\n<\/div>\n\n\n<p class=\"has-text-align-center\">Die Veranstaltung mit Hubertus Heil im Caf\u00e9 Sybille war gut besucht. Die Friedrichshainer*innen waren neugierig und stellten viele Fragen. Wie wichtig Tarifbindung ist, damit die Menschen faire L\u00f6hne erhalten und wie wichtig die Erh\u00f6hung von Mindestlohn gewesen ist, der in Berlin eine direkte Gehaltserh\u00f6hung f\u00fcr \u00fcber 300.000 Besch\u00e4ftigte bedeutete. Gerade in Zeiten von Krise und Inflation entlastet der Mindestlohn die Geldbeutel zehntausender Berliner Haushalte. Besonders Frauen profitieren von dieser Ma\u00dfnahme! Mit dem neuen B\u00fcrgergeld schafft die SPD einen Sozialstaat, der allen Menschen auf Augenh\u00f6he begegnet und Lebensleistung respektiert. Mit der gr\u00f6\u00dften Wohngeldreform seit 55 Jahren entlastet die SPD bundesweit zwei Millionen Haushalte dauerhaft und sp\u00fcrbar angesichts der steigenden Preise f\u00fcr Strom und W\u00e4rme. Das waren nur einige Themen, die wir im Sybille lebhaft diskutiert haben.<\/p>\n\n\n<div class=\"wp-block-image\">\n<figure class=\"aligncenter size-full\"><img loading=\"lazy\" decoding=\"async\" width=\"940\" height=\"788\" src=\"https:\/\/www.viola-spd.de\/wp-content\/uploads\/2023\/01\/Alles-wird-teurer-Wie-kommen-wir-gut-durch-die-Krise-Polittalk-mit-Hubertus-Heil-und-Dr.-Viola-Mattathil-Reuther-Facebook-Beitrag-Querformat.png\" alt=\"\" class=\"wp-image-204\" srcset=\"https:\/\/www.viola-spd.de\/wp-content\/uploads\/2023\/01\/Alles-wird-teurer-Wie-kommen-wir-gut-durch-die-Krise-Polittalk-mit-Hubertus-Heil-und-Dr.-Viola-Mattathil-Reuther-Facebook-Beitrag-Querformat.png 940w, https:\/\/www.viola-spd.de\/wp-content\/uploads\/2023\/01\/Alles-wird-teurer-Wie-kommen-wir-gut-durch-die-Krise-Polittalk-mit-Hubertus-Heil-und-Dr.-Viola-Mattathil-Reuther-Facebook-Beitrag-Querformat-300x251.png 300w, https:\/\/www.viola-spd.de\/wp-content\/uploads\/2023\/01\/Alles-wird-teurer-Wie-kommen-wir-gut-durch-die-Krise-Polittalk-mit-Hubertus-Heil-und-Dr.-Viola-Mattathil-Reuther-Facebook-Beitrag-Querformat-768x644.png 768w\" sizes=\"auto, (max-width: 940px) 100vw, 940px\" \/><\/figure>\n<\/div>\n\n\n<p><\/p>\n\n\n\n<p class=\"has-text-align-center\">Steigende Energie- und Lebensmittelpreise setzen viele unter Druck. Viele fragen sich, wie kommen sie \u00fcber die Runden? Was muss jetzt passieren, damit insbesondere Menschen mit wenig Einkommen und R\u00fccklagen diese Krise \u00fcberstehen? Ich habe deshalb den <br><strong>Bundesminister f\u00fcr Arbeit und Soziales, Hubertus Heil <\/strong><br>nach Friedrichshain eingeladen, um mit Ihnen vor Ort \u00fcber die angespannte Lage zu sprechen. Stellen Sie Ihre Fragen und diskutieren Sie mit mir und Minister Heil bei einem St\u00fcck Kuchen und einer Tasse Kaffee am Montag, den 16.1., ab 15 Uhr im Caf\u00e9 Sybille, Karl-Marx-Allee 72 in Friedrichshain.<\/p>\n\n\n\n<p><\/p>\n\n\n<div class=\"wp-block-image\">\n<figure class=\"aligncenter size-large is-resized\"><img loading=\"lazy\" decoding=\"async\" src=\"https:\/\/www.viola-spd.de\/wp-content\/uploads\/2023\/01\/Rene_2-1024x683.jpg\" alt=\"\" class=\"wp-image-138\" width=\"839\" height=\"560\" srcset=\"https:\/\/www.viola-spd.de\/wp-content\/uploads\/2023\/01\/Rene_2-1024x683.jpg 1024w, https:\/\/www.viola-spd.de\/wp-content\/uploads\/2023\/01\/Rene_2-300x200.jpg 300w, https:\/\/www.viola-spd.de\/wp-content\/uploads\/2023\/01\/Rene_2-768x512.jpg 768w, https:\/\/www.viola-spd.de\/wp-content\/uploads\/2023\/01\/Rene_2-1536x1024.jpg 1536w, https:\/\/www.viola-spd.de\/wp-content\/uploads\/2023\/01\/Rene_2-2048x1365.jpg 2048w, https:\/\/www.viola-spd.de\/wp-content\/uploads\/2023\/01\/Rene_2-930x620.jpg 930w\" sizes=\"auto, (max-width: 839px) 100vw, 839px\" \/><\/figure>\n<\/div><\/div>\n<\/div><\/div>\n\n\n\n<p><\/p>\n\n\n\n<h3 class=\"has-text-align-center wp-block-heading\"><strong>Was mir wichtig ist<\/strong><\/h3>\n\n\n\n<p class=\"has-text-align-center\">F\u00fcr die \u00c4ltesten und die J\u00fcngsten in unseren Kiez \u2013 deren Bed\u00fcrfnisse kommen in der Stadtpolitik viel zu kurz. Das f\u00e4ngt bei Sicherheit im Stra\u00dfenverkehr an, guter Beleuchtung der Stra\u00dfen und Pl\u00e4tze, gepflegte Gr\u00fcnanlagen, Platz zum Toben und Spielen und gen\u00fcgend Sitzpl\u00e4tzen zum Ausruhen auf dem Fu\u00dfweg zum Supermarkt,  und h\u00f6rt bei l\u00e4ngeren Ampelphasen f\u00fcr Rollator und Kinderwagen nicht auf. Der Stadtteil w\u00e4chst und mehr junge Familien, die Kita- und Schulpl\u00e4tze im Kiez brauchen. Ich will mich einsetzen f\u00fcr bessere Bezahlung von Erzieher*innen und f\u00fcr mehr Sozialarbeiter*innen. Wir brauchen schnelles Internet in den Schulen, aber auch in unseren Wohnungen f\u00fcr Arbeiten aus dem Homeoffice \u2013 die letzte Meile bleibt noch zu \u00fcberbr\u00fccken.<br>Unser Kiez ist gepr\u00e4gt vom Zusammenleben aller Generationen \u2013 dazu tragen die stabilen Mieten durch die st\u00e4dtischen Wohnungsgesellschaften bei. Diese m\u00fcssen einen guten Service anbieten und ihre Mieter*innen unterst\u00fctzen \u2013 daf\u00fcr will ich mich stark machen.<\/p>\n\n\n\n<p class=\"has-text-align-center\">Als Juristin setze ich mich f\u00fcr eine umfassende Verwaltungsreform in Berlin ein, um die Zust\u00e4ndigkeiten innerhalb der Stadt klar zu strukturieren. Mein Herz schl\u00e4gt f\u00fcr die Sicherheitspolitik in der Stadt: ein besser funktionierendes Rettungswesen und eine Polizei, die f\u00fcr alle Berlin*innen da ist.<\/p>\n\n\n\n<p><a href=\"https:\/\/www.viola-spd.de\/?page_id=6\" target=\"_blank\" rel=\"noreferrer noopener\">Mehr zu meinen Positionen findest Du hier.<\/a><\/p>\n\n\n<div class=\"wp-block-image\">\n<figure class=\"aligncenter size-large is-resized\"><img loading=\"lazy\" decoding=\"async\" src=\"https:\/\/www.viola-spd.de\/wp-content\/uploads\/2023\/01\/VolkssolidaritaetSommerfest1-1024x768.jpg\" alt=\"\" class=\"wp-image-140\" width=\"851\" height=\"638\" srcset=\"https:\/\/www.viola-spd.de\/wp-content\/uploads\/2023\/01\/VolkssolidaritaetSommerfest1-1024x768.jpg 1024w, https:\/\/www.viola-spd.de\/wp-content\/uploads\/2023\/01\/VolkssolidaritaetSommerfest1-300x225.jpg 300w, https:\/\/www.viola-spd.de\/wp-content\/uploads\/2023\/01\/VolkssolidaritaetSommerfest1-768x576.jpg 768w, https:\/\/www.viola-spd.de\/wp-content\/uploads\/2023\/01\/VolkssolidaritaetSommerfest1-1536x1152.jpg 1536w, https:\/\/www.viola-spd.de\/wp-content\/uploads\/2023\/01\/VolkssolidaritaetSommerfest1.jpg 2048w\" sizes=\"auto, (max-width: 851px) 100vw, 851px\" \/><figcaption class=\"wp-element-caption\">Sommerfest bei der Volkssolidarit\u00e4t Friedrichshain<\/figcaption><\/figure>\n<\/div>\n\n\n<div id=\"wp-block-themeisle-blocks-advanced-columns-b320f813\" class=\"wp-block-themeisle-blocks-advanced-columns has-1-columns has-desktop-equal-layout has-tablet-equal-layout has-mobile-collapsedRows-layout has-vertical-unset\"><div class=\"wp-block-themeisle-blocks-advanced-columns-overlay\"><\/div><div class=\"innerblocks-wrap\">\n<div id=\"wp-block-themeisle-blocks-advanced-column-42182f0d\" class=\"wp-block-themeisle-blocks-advanced-column\">\n<h3 class=\"has-text-align-center wp-block-heading\">Uber mich<\/h3>\n\n\n\n<p class=\"has-text-align-center\">Ich bin Mutter, Juristin und Sozialdemokratin.<br>Ich hei\u00dfe Viola Mattathil-Reuther, bin 41 Jahre alt und in Niedersachsen geboren und aufgewachsen. Meine Eltern sind vor bald 50 Jahren aus S\u00fcdindien\/ Kerala ausgewandert. Ich bin vor 20 Jahren zur Ausbildung nach Berlin gezogen. Ich habe Jura an der Humboldt Universit\u00e4t studiert, meine Examen in Berlin gemacht und im Strafrecht meine Doktorarbeit geschrieben. In der Zeit habe ich zwei Kinder geboren. <br>Reuther ist der Nachname meines Mannes. Seine Eltern waren damals Erstbezieherin der Wohnungen am Platz der Vereinten Nationen, wo meine Schwiegermutter immer noch wohnt. Ich bin Mutter von zwei Schulkindern und aktiv in der Schulelternarbeit. Seit einigen Jahren arbeite ich als Referentin im Bundesministerium des Innern. <br>Als ich nach Berlin gezogen bin, war die Stadt an der Spree f\u00fcr mich eine regelrechte Offenbarung. Die Freiheit und Selbstbestimmung, die ich hier erleben durfte \u2013 daf\u00fcr bin ich sehr dankbar. <br>Aber eine Gro\u00dfstadt wie Berlin und ein Bezirk wie Xhain k\u00f6nnen auch hart und rau sein, manchmal sogar ungerecht. Und die Frage nach Chancengleichheit und soziale Gerechtigkeit, das hat mich viel und fr\u00fch besch\u00e4ftigt. Deshalb bin ich 2004 in die SPD eingetreten. Nachdem die Kinder ein bisschen gr\u00f6\u00dfer waren, habe ich angefangen mich in der SPD Weberwiese zu engagieren.&nbsp;<\/p>\n<\/div>\n<\/div><\/div>\n\n\n\n<p><\/p>\n\n\n\n<blockquote class=\"wp-block-quote is-layout-flow wp-block-quote-is-layout-flow\">\n<p><\/p>\n<\/blockquote>\n","protected":false},"excerpt":{"rendered":"<p>Was mir wichtig ist F\u00fcr die \u00c4ltesten und die J\u00fcngsten in unseren Kiez \u2013 deren Bed\u00fcrfnisse kommen in der Stadtpolitik viel zu kurz. Das f\u00e4ngt bei Sicherheit im Stra\u00dfenverkehr an, guter Beleuchtung der Stra\u00dfen und Pl\u00e4tze, gepflegte Gr\u00fcnanlagen, Platz zum Toben und Spielen und gen\u00fcgend Sitzpl\u00e4tzen zum Ausruhen auf dem Fu\u00dfweg zum Supermarkt, und h\u00f6rt&hellip;&nbsp;<a href=\"https:\/\/www.viola-spd.de\/\" class=\"\" rel=\"bookmark\">Weiterlesen &raquo;<span class=\"screen-reader-text\">Home<\/span><\/a><\/p>\n","protected":false},"author":1,"featured_media":0,"parent":0,"menu_order":0,"comment_status":"closed","ping_status":"closed","template":"page-templates\/template-pagebuilder-full-width.php","meta":{"neve_meta_sidebar":"full-width","neve_meta_container":"","neve_meta_enable_content_width":"on","neve_meta_content_width":100,"neve_meta_title_alignment":"","neve_meta_author_avatar":"","neve_post_elements_order":"","neve_meta_disable_header":"","neve_meta_disable_footer":"","neve_meta_disable_title":"on","_themeisle_gutenberg_block_has_review":false,"_ti_tpc_template_sync":false,"_ti_tpc_template_id":"cq3zdpus82tmpryrxb4m","footnotes":""},"class_list":["post-5","page","type-page","status-publish","hentry"],"_links":{"self":[{"href":"https:\/\/www.viola-spd.de\/index.php?rest_route=\/wp\/v2\/pages\/5","targetHints":{"allow":["GET"]}}],"collection":[{"href":"https:\/\/www.viola-spd.de\/index.php?rest_route=\/wp\/v2\/pages"}],"about":[{"href":"https:\/\/www.viola-spd.de\/index.php?rest_route=\/wp\/v2\/types\/page"}],"author":[{"embeddable":true,"href":"https:\/\/www.viola-spd.de\/index.php?rest_route=\/wp\/v2\/users\/1"}],"replies":[{"embeddable":true,"href":"https:\/\/www.viola-spd.de\/index.php?rest_route=%2Fwp%2Fv2%2Fcomments&post=5"}],"version-history":[{"count":17,"href":"https:\/\/www.viola-spd.de\/index.php?rest_route=\/wp\/v2\/pages\/5\/revisions"}],"predecessor-version":[{"id":221,"href":"https:\/\/www.viola-spd.de\/index.php?rest_route=\/wp\/v2\/pages\/5\/revisions\/221"}],"wp:attachment":[{"href":"https:\/\/www.viola-spd.de\/index.php?rest_route=%2Fwp%2Fv2%2Fmedia&parent=5"}],"curies":[{"name":"wp","href":"https:\/\/api.w.org\/{rel}","templated":true}]}}